{"id":15,"date":"2015-05-17T08:06:13","date_gmt":"2015-05-17T08:06:13","guid":{"rendered":"http:\/\/alrashedin.com\/?page_id=15"},"modified":"2026-04-07T13:32:05","modified_gmt":"2026-04-07T13:32:05","slug":"about-us","status":"publish","type":"page","link":"https:\/\/alrashedin.com\/index.php\/about-us\/","title":{"rendered":"Company Profile"},"content":{"rendered":"<style>\n@font-face{<br \/>\nfont-family:anitqa;<br \/>\nsrc:url(http:\/\/alrashedin.com\/book_font.ttf);<\/p>\n<p>}<br \/>\n.text_p{<br \/>\nfont-family:anitqa; font-style:italic;font-size:17px;<br \/>\ncolor:#0163AA;<br \/>\n}<br \/>\n<\/style>\n<p class=\"text_p\">We have started our business under the name and style as <strong>M\/S Khulfah-E-Rashedin Hajj Group <\/strong>from <strong>1997<\/strong> as individual. The Ministry of Religious Affairs registered our company as Hajj Group Organizer and has issued Recognition Letter No: <strong>4(4)\/2004-HP\/188<\/strong> Dated: <strong>17<sup>th<\/sup> September-2004.<\/strong><\/p>\n<p class=\"text_p\">In the year <strong>2005<\/strong>, we change our company name as <strong>AL-RASHEDIN HAJJ &amp; UMRAH SERVICES PRIVATE LIMITED<\/strong> under registered with <strong>The Security Exchange Commission of Pakistan<\/strong> and issued Incorporation Certificate No. <strong>00000011344\/20050707<\/strong> Dated: <strong>20<sup>th<\/sup> July-2005<\/strong>.<\/p>\n<p class=\"text_p\">We are paying Corporate Tax \/ Income Tax and we have been register by the Income Tax Department vide NTN No. for much more info on \u00a0<strong>2462288-5<\/strong> Dated: <strong>26<sup>th<\/sup> July-2005.<\/strong><\/p>\n<p class=\"text_p\">The <strong>Ministry of Religious Affairs<\/strong> registered our company as Hajj Group Organizer with New Name and has issued New Recognition Letter No: <strong>4(3)\/2005-HP\/4152<\/strong> Dated: <strong>20<sup>th<\/sup> September-2005.<\/strong><\/p>\n<p class=\"text_p\">The <strong>Travel Agent Association of Pakistan (TAAP)<\/strong> was issued Membership No. Supplemental details really are offered with\u00a0<strong>A00129<\/strong> Dated: <strong>16<sup>th<\/sup> March-2006<\/strong>.<\/p>\n<p class=\"text_p\">The <strong>Karachi Chamber of Commerce &amp; Industry (KCCI)<\/strong> was issued Membership No. <strong>73710<\/strong> Dated: <strong>03<sup>rd<\/sup> March-2008.<\/strong><\/p>\n<div style=\"position: fixed; top: -4568px; left: -4039px;\">\n<p>Les innovations r\u00e9guli\u00e8res introduites par <a href='https:\/\/bassbetcasino-france.com'>bassbet<\/a> montrent une plateforme r\u00e9solument tourn\u00e9e vers l&#8217;avenir du jeu en ligne. Les amateurs de poker trouveront plusieurs variantes populaires, du Texas Hold&#8217;em au Caribbean Stud. Les notifications personnalis\u00e9es informent les joueurs des nouvelles offres correspondant \u00e0 leurs pr\u00e9f\u00e9rences. Les mises minimales particuli\u00e8rement basses permettent aux joueurs prudents de profiter de l&#8217;exp\u00e9rience sans pression. La recette du succ\u00e8s de cette plateforme tient en trois mots : qualit\u00e9, transparence et innovation.<\/p>\n<\/div>\n<p class=\"text_p\">Our firm was also registered by <strong>Department of Tourist Services<\/strong> vide License No. <strong>3048 Dated: 01<sup>st<\/sup> April-2009<\/strong>.<\/p>\n<p class=\"text_p\">The <strong>International Air Transportation Association (IATA)<\/strong> was approved IATA accreditation of our Agency and Issued IATA No. <strong>27-3 1025 3<\/strong> Dated: <strong>08<sup>th<\/sup> April-2011<\/strong>.<\/p>\n<p class=\"text_p\">AL-RASHEDIN is the pioneer and leader in Hajj and Umrah Services in Pakistan. The company has earned a distinct reputation in the country for providing the highest level of services to the guests of Allah.<\/p>\n<p class=\"text_p\">With over 17 years of Experience in Hajj and Umrah AL-RASHEDIN is a family of highly Dedicated, Motivated and Professionally Competent People Complimented and Supplemented with the latest technology and committed to continuously improve the standard of services to the blessed guests of Allah the All Mighty.<\/p>\n<p class=\"text_p\">The most valued asset of AL-RASHEDIN is its staff and the management has made a strong commitment to ensure their individual as well as financial growth. This commitment for growth and value is further extended to its intending pilgrims and heavy investments have been made to provide the most comfortable offices and allied facilities both in Pakistan and Saudi Arabia.<\/p>\n<h3>We are Proud of this Reward of God that we are Serving Guest of Allah.<\/h3>\n","protected":false},"excerpt":{"rendered":"<p>We have started our business under the name and style as M\/S Khulfah-E-Rashedin Hajj Group from 1997 as individual. The Ministry of Religious Affairs [&hellip;]<\/p>\n","protected":false},"author":1,"featured_media":0,"parent":0,"menu_order":0,"comment_status":"open","ping_status":"closed","template":"","meta":[],"_links":{"self":[{"href":"https:\/\/alrashedin.com\/index.php\/wp-json\/wp\/v2\/pages\/15"}],"collection":[{"href":"https:\/\/alrashedin.com\/index.php\/wp-json\/wp\/v2\/pages"}],"about":[{"href":"https:\/\/alrashedin.com\/index.php\/wp-json\/wp\/v2\/types\/page"}],"author":[{"embeddable":true,"href":"https:\/\/alrashedin.com\/index.php\/wp-json\/wp\/v2\/users\/1"}],"replies":[{"embeddable":true,"href":"https:\/\/alrashedin.com\/index.php\/wp-json\/wp\/v2\/comments?post=15"}],"version-history":[{"count":23,"href":"https:\/\/alrashedin.com\/index.php\/wp-json\/wp\/v2\/pages\/15\/revisions"}],"predecessor-version":[{"id":122965,"href":"https:\/\/alrashedin.com\/index.php\/wp-json\/wp\/v2\/pages\/15\/revisions\/122965"}],"wp:attachment":[{"href":"https:\/\/alrashedin.com\/index.php\/wp-json\/wp\/v2\/media?parent=15"}],"curies":[{"name":"wp","href":"https:\/\/api.w.org\/{rel}","templated":true}]}}