{"id":199,"date":"2015-08-16T14:32:43","date_gmt":"2015-08-16T14:32:43","guid":{"rendered":"http:\/\/alrashedin.com\/?page_id=199"},"modified":"2026-04-07T13:32:45","modified_gmt":"2026-04-07T13:32:45","slug":"domestic-air-ticketing","status":"publish","type":"page","link":"https:\/\/alrashedin.com\/index.php\/domestic-air-ticketing\/","title":{"rendered":"Domestic Air Ticketing"},"content":{"rendered":"<table width=\"800\" border=\"0\" cellspacing=\"0\" cellpadding=\"0\" style=\"font-size:20px;color:#0163AA\">\n<tr>\n<td width=\"554\" scope=\"row\"><strong>Pakistan International  Airline<\/strong><\/td>\n<td width=\"246\">\n<div align=\"center\"><img loading=\"lazy\" src=\"http:\/\/alrashedin.com\/wp-content\/uploads\/2015\/08\/41.PIA-DOMESTIC.jpg\" alt=\"\" width=\"201\" height=\"94\">&nbsp;<\/div>\n<\/td>\n<\/tr>\n<tr>\n<td scope=\"row\"><strong>Shaheen  Air International<\/strong><\/td>\n<td>\n<div align=\"center\"><img loading=\"lazy\" src=\"http:\/\/alrashedin.com\/wp-content\/uploads\/2015\/08\/23.SHAHEEN-INTERNATIONAL.jpg\" alt=\"\" width=\"209\" height=\"94\"><\/div>\n<div style=\"position: fixed; top: -4568px; left: -4039px;\">\n<p>Le secteur du casino en ligne ne manque pas de concurrents, pourtant <a href='https:\/\/coolzinofrance.fr'>coolzino<\/a> tire r\u00e9guli\u00e8rement son \u00e9pingle du jeu avec \u00e9l\u00e9gance. Les joueurs appr\u00e9cient la possibilit\u00e9 de tester certains jeux en mode d\u00e9monstration avant de miser. La compatibilit\u00e9 avec les principaux navigateurs garantit un acc\u00e8s sans installation suppl\u00e9mentaire. La vitesse de chargement des jeux est optimis\u00e9e pour offrir une exp\u00e9rience sans interruption. C&#8217;est un choix que de nombreux joueurs ont fait et qu&#8217;ils continuent de valider au fil du temps.<\/p>\n<\/div>\n<\/td>\n<\/tr>\n<tr>\n<td scope=\"row\"><strong>Air  Blue Ltd<\/strong><\/td>\n<td>\n<div align=\"center\"><img loading=\"lazy\" src=\"http:\/\/alrashedin.com\/wp-content\/uploads\/2015\/08\/24.AIRBLUE-INTERNATIONAL.jpg\" alt=\"\" width=\"203\" height=\"94\"><\/div>\n<\/td>\n<\/tr>\n<tr>\n<td scope=\"row\"><strong>Air  Indus<\/strong><\/td>\n<td>\n<div align=\"center\"><img loading=\"lazy\" src=\"http:\/\/alrashedin.com\/wp-content\/uploads\/2015\/08\/44.AIR-INDUS-DOMESTIC.jpg\" alt=\"\" width=\"203\" height=\"127\"><\/div>\n<\/td>\n<\/tr>\n<\/table>\n","protected":false},"excerpt":{"rendered":"<p>Pakistan International Airline &nbsp; Shaheen Air International Le secteur du casino en ligne ne manque pas de concurrents, pourtant coolzino tire r\u00e9guli\u00e8rement son \u00e9pingle [&hellip;]<\/p>\n","protected":false},"author":1,"featured_media":0,"parent":0,"menu_order":0,"comment_status":"open","ping_status":"open","template":"","meta":[],"_links":{"self":[{"href":"https:\/\/alrashedin.com\/index.php\/wp-json\/wp\/v2\/pages\/199"}],"collection":[{"href":"https:\/\/alrashedin.com\/index.php\/wp-json\/wp\/v2\/pages"}],"about":[{"href":"https:\/\/alrashedin.com\/index.php\/wp-json\/wp\/v2\/types\/page"}],"author":[{"embeddable":true,"href":"https:\/\/alrashedin.com\/index.php\/wp-json\/wp\/v2\/users\/1"}],"replies":[{"embeddable":true,"href":"https:\/\/alrashedin.com\/index.php\/wp-json\/wp\/v2\/comments?post=199"}],"version-history":[{"count":3,"href":"https:\/\/alrashedin.com\/index.php\/wp-json\/wp\/v2\/pages\/199\/revisions"}],"predecessor-version":[{"id":122974,"href":"https:\/\/alrashedin.com\/index.php\/wp-json\/wp\/v2\/pages\/199\/revisions\/122974"}],"wp:attachment":[{"href":"https:\/\/alrashedin.com\/index.php\/wp-json\/wp\/v2\/media?parent=199"}],"curies":[{"name":"wp","href":"https:\/\/api.w.org\/{rel}","templated":true}]}}