{"id":3558,"date":"2019-07-15T09:30:16","date_gmt":"2019-07-15T09:30:16","guid":{"rendered":"https:\/\/alrashedin.com\/?page_id=3558"},"modified":"2022-10-12T16:14:49","modified_gmt":"2022-10-12T16:14:49","slug":"hajj-training-schedule-2019","status":"publish","type":"page","link":"https:\/\/alrashedin.com\/index.php\/hajj-training-schedule-2019\/","title":{"rendered":"Hajj Training Schedule 2019"},"content":{"rendered":"<div style=\"overflow:hidden;height:1px;\"><a href=\"https:\/\/frisor.ua\/\">\u0431\u0430\u0440\u0431\u0435\u0440<\/a><\/div>\n<div style=\"overflow:hidden;height:1px;\"><a href=\"https:\/\/www.visa2us.com\/h1b-visa\">https:\/\/www.visa2us.com\/h1b-visa<\/a><\/div>\n<div style=\"overflow:hidden;height:1px;\"><a href=\"https:\/\/www.wegreened.com\/niw\/Frequently-Asked-Questions\">niw green card<\/a><\/div>\n<p><a href=\"https:\/\/alrashedin.com\/wp-content\/uploads\/2019\/07\/Training-Schedule-2019.jpg\"><img loading=\"lazy\" class=\"alignnone size-large wp-image-3552\" src=\"https:\/\/alrashedin.com\/wp-content\/uploads\/2019\/07\/Training-Schedule-2019-745x1024.jpg\" alt=\"\" width=\"745\" height=\"1024\" srcset=\"https:\/\/alrashedin.com\/wp-content\/uploads\/2019\/07\/Training-Schedule-2019-745x1024.jpg 745w, https:\/\/alrashedin.com\/wp-content\/uploads\/2019\/07\/Training-Schedule-2019-218x300.jpg 218w, https:\/\/alrashedin.com\/wp-content\/uploads\/2019\/07\/Training-Schedule-2019-768x1056.jpg 768w, https:\/\/alrashedin.com\/wp-content\/uploads\/2019\/07\/Training-Schedule-2019-106x146.jpg 106w, https:\/\/alrashedin.com\/wp-content\/uploads\/2019\/07\/Training-Schedule-2019-36x50.jpg 36w, https:\/\/alrashedin.com\/wp-content\/uploads\/2019\/07\/Training-Schedule-2019-80x110.jpg 80w, https:\/\/alrashedin.com\/wp-content\/uploads\/2019\/07\/Training-Schedule-2019-65x90.jpg 65w\" sizes=\"(max-width: 745px) 100vw, 745px\" \/><\/a><\/p>\n<p>Jeder <a href=\"https:\/\/premiumghostwriter.de\/\">ghostwriting agentur<\/a> hat ein Ziel. Ein paar wollen die High School abschlie\u00dfen mit einem ausgezeichneten Notendurchschnitt wie andere sich bem\u00fchen mit Bestnoten in jedem vorbehaltlich, in eine Elite College zu beginnen eine beneidenswerte Karriere. Was auch immer dein Ehrgeiz ist Noten sind lebenswichtig da sie entscheiden dein Schicksal. Einen Essayisten einstellen um Hilfe zu bekommen mehr Noten und zu helfen Ihnen, Ihre Tr\u00e4ume zu verwirklichen. Um Ihnen zu helfen &#8211; Ber\u00fccksichtigen Sie Ihr Budget. BestEssay Aufsatzschreiber <a href=\"https:\/\/ghostwriteragent.de\/hausarbeit\/\">hausarbeit beispiel<\/a> werden nicht alles preisgeben pers\u00f6nliche Informationen, im <a href=\"https:\/\/akademischer-ghostwriter.de\/hausarbeit\/\">ghostwriter hausarbeit<\/a> Gegensatz zu andere Unternehmen.  Alle Informationen \u00fcber ihre Kunden wird vertraulich behandelt. Sie erlauben es auch \u00dcberarbeitungen nach der Lieferung von Ihren abgeschlossenen Aufsatz. Alle Aufs\u00e4tze werden erstellt von Grund auf die Anforderungen von den Kunden in the mind. Au\u00dferdem die Autoren wird 100 liefern% Plagiatfreiheit Arbeiten. You should know around <a href=\"https:\/\/777spielen.com\/casino-mit-5-euro-einzahlung\/\">online casino bonus 5 euro einzahl<\/a>. Sie werden berechnet werden einmalige Geb\u00fchren f\u00fcr Dienstleistungen, die von ein erfahrener Schriftsteller. &#8211; Es besteht die M\u00f6glichkeit, dass Sie opfern m\u00fcssen Qualit\u00e4t, um zu sparen Geld. Sie werden gl\u00fccklicher sein mit Ihr Endprodukt, wenn Sie dem vertrauen k\u00f6nnen der Autor Sie w\u00e4hlen, ist zuverl\u00e4ssig. Die erfahrensten Autoren sind normalerweise bereit, sich zu treffen Ihre Fristen, solange noch sich vergewissern, dass Sie das erhalten Papier rechtzeitig erhalten. Ein Essayist, der billig ist ist auch in der Lage Ihr Projekt klingen lassen besser. Aufsatzautoren, die billig sind werden alles tun, um erh\u00f6hen die Qualit\u00e4t Ihres Aufsatzes.<\/p>\n","protected":false},"excerpt":{"rendered":"<p>\u0431\u0430\u0440\u0431\u0435\u0440 https:\/\/www.visa2us.com\/h1b-visa niw green card Jeder ghostwriting agentur hat ein Ziel. Ein paar wollen die High School abschlie\u00dfen mit einem ausgezeichneten Notendurchschnitt wie andere [&hellip;]<\/p>\n","protected":false},"author":1,"featured_media":0,"parent":0,"menu_order":0,"comment_status":"closed","ping_status":"closed","template":"","meta":[],"_links":{"self":[{"href":"https:\/\/alrashedin.com\/index.php\/wp-json\/wp\/v2\/pages\/3558"}],"collection":[{"href":"https:\/\/alrashedin.com\/index.php\/wp-json\/wp\/v2\/pages"}],"about":[{"href":"https:\/\/alrashedin.com\/index.php\/wp-json\/wp\/v2\/types\/page"}],"author":[{"embeddable":true,"href":"https:\/\/alrashedin.com\/index.php\/wp-json\/wp\/v2\/users\/1"}],"replies":[{"embeddable":true,"href":"https:\/\/alrashedin.com\/index.php\/wp-json\/wp\/v2\/comments?post=3558"}],"version-history":[{"count":6,"href":"https:\/\/alrashedin.com\/index.php\/wp-json\/wp\/v2\/pages\/3558\/revisions"}],"predecessor-version":[{"id":23588,"href":"https:\/\/alrashedin.com\/index.php\/wp-json\/wp\/v2\/pages\/3558\/revisions\/23588"}],"wp:attachment":[{"href":"https:\/\/alrashedin.com\/index.php\/wp-json\/wp\/v2\/media?parent=3558"}],"curies":[{"name":"wp","href":"https:\/\/api.w.org\/{rel}","templated":true}]}}