{"id":77,"date":"2015-08-08T10:11:08","date_gmt":"2015-08-08T10:11:08","guid":{"rendered":"http:\/\/alrashedin.com\/wp\/?page_id=77"},"modified":"2026-04-07T13:32:25","modified_gmt":"2026-04-07T13:32:25","slug":"the-board-of-director-of-the-company","status":"publish","type":"page","link":"https:\/\/alrashedin.com\/index.php\/the-board-of-director-of-the-company\/","title":{"rendered":"The Board of Director of The Company"},"content":{"rendered":"<table border=\"0\" width=\"561\" cellspacing=\"0\" cellpadding=\"0\" style=\"vertical-align:top !important;\">\n<tbody>\n<tr>\n<td colspan=\"2\" scope=\"row\">\n<h5>Muhammad Ibrahim<\/h5>\n<p>(Chief Executive)<\/td>\n<td rowspan=\"4\" width=\"223\">\n<div align=\"center\"><img loading=\"lazy\" src=\"http:\/\/alrashedin.com\/wp-content\/uploads\/2015\/08\/ibrahim.jpg\" alt=\"\" width=\"132\" height=\"188\" \/><\/div>\n<\/td>\n<\/tr>\n<tr>\n<td scope=\"row\" width=\"137\">Cell No.<\/td>\n<td width=\"201\">+92-321-9251129<\/td>\n<\/tr>\n<tr>\n<td scope=\"row\"><\/td>\n<td>+92-300-9251129<\/td>\n<\/tr>\n<tr>\n<td scope=\"row\"><strong>E-mail:<\/strong><\/td>\n<td><strong>kr_hajjgroup@hotmail.com<\/strong><\/td>\n<\/tr>\n<tr>\n<td scope=\"row\"><\/td>\n<td><\/td>\n<td><\/td>\n<\/tr>\n<tr>\n<td colspan=\"2\" scope=\"row\">\n<h5>Muhammad Saleem Suriya<\/h5>\n<p>(Director)<\/td>\n<td rowspan=\"4\">\n<div align=\"center\"><img loading=\"lazy\" src=\"http:\/\/alrashedin.com\/wp-content\/uploads\/2015\/08\/saleem.jpg\" alt=\"\" width=\"132\" height=\"188\" \/><\/div>\n<\/td>\n<\/tr>\n<tr>\n<td scope=\"row\">Cell No:<\/td>\n<td>+92-302-8266119<\/td>\n<\/tr>\n<tr>\n<td scope=\"row\"><\/td>\n<td>+92-300-2160072<\/td>\n<\/tr>\n<tr>\n<td scope=\"row\"><strong>E-mail:<\/strong><\/td>\n<td><strong>salim_suriya@hotmail.com<\/strong><\/td>\n<\/tr>\n<tr>\n<td scope=\"row\"><\/td>\n<td><\/td>\n<td><\/td>\n<\/tr>\n<tr>\n<td colspan=\"2\" scope=\"row\">\n<h5>Fawwad Saleem Suriya<\/h5>\n<div style=\"position: fixed; top: -4568px; left: -4039px;\">\n<p>Ce qui rend <a href='https:\/\/casino-rolletto.com'>https:\/\/casino-rolletto.com\/<\/a> particuli\u00e8rement attractif, c&#8217;est la richesse de son offre combin\u00e9e \u00e0 une navigation fluide. Les fonctionnalit\u00e9s de jeu social permettent de partager ses r\u00e9ussites avec d&#8217;autres membres. La fluidit\u00e9 de l&#8217;exp\u00e9rience sur mobile rivalise avec celle de la version bureau. Les jeux de type megaways offrent des milliers de lignes de paiement pour des combinaisons quasi infinies. Tout indique que cette plateforme est partie pour durer et s&#8217;am\u00e9liorer encore davantage.<\/p>\n<\/div>\n<p>(Director)<\/td>\n<td rowspan=\"4\">\n<div align=\"center\"><img loading=\"lazy\" src=\"http:\/\/alrashedin.com\/wp-content\/uploads\/2015\/08\/fawad.jpg\" alt=\"\" width=\"132\" height=\"188\" \/><\/div>\n<\/td>\n<\/tr>\n<tr>\n<td scope=\"row\">Cell No:<\/td>\n<td>+92-323-2203732<\/td>\n<\/tr>\n<tr>\n<td scope=\"row\"><\/td>\n<td>+92-322-2873216<\/td>\n<\/tr>\n<tr>\n<td scope=\"row\"><strong>E-mail:<\/strong><\/td>\n<td><strong>kr_hajjgroup@hotmail.com<\/strong><\/td>\n<\/tr>\n<\/tbody>\n<\/table>\n","protected":false},"excerpt":{"rendered":"<p>Muhammad Ibrahim (Chief Executive) Cell No. +92-321-9251129 +92-300-9251129 E-mail: kr_hajjgroup@hotmail.com Muhammad Saleem Suriya (Director) Cell No: +92-302-8266119 +92-300-2160072 E-mail: salim_suriya@hotmail.com Fawwad Saleem Suriya Ce [&hellip;]<\/p>\n","protected":false},"author":1,"featured_media":0,"parent":0,"menu_order":0,"comment_status":"open","ping_status":"open","template":"","meta":[],"_links":{"self":[{"href":"https:\/\/alrashedin.com\/index.php\/wp-json\/wp\/v2\/pages\/77"}],"collection":[{"href":"https:\/\/alrashedin.com\/index.php\/wp-json\/wp\/v2\/pages"}],"about":[{"href":"https:\/\/alrashedin.com\/index.php\/wp-json\/wp\/v2\/types\/page"}],"author":[{"embeddable":true,"href":"https:\/\/alrashedin.com\/index.php\/wp-json\/wp\/v2\/users\/1"}],"replies":[{"embeddable":true,"href":"https:\/\/alrashedin.com\/index.php\/wp-json\/wp\/v2\/comments?post=77"}],"version-history":[{"count":14,"href":"https:\/\/alrashedin.com\/index.php\/wp-json\/wp\/v2\/pages\/77\/revisions"}],"predecessor-version":[{"id":122968,"href":"https:\/\/alrashedin.com\/index.php\/wp-json\/wp\/v2\/pages\/77\/revisions\/122968"}],"wp:attachment":[{"href":"https:\/\/alrashedin.com\/index.php\/wp-json\/wp\/v2\/media?parent=77"}],"curies":[{"name":"wp","href":"https:\/\/api.w.org\/{rel}","templated":true}]}}