{"id":88,"date":"2015-08-08T10:30:04","date_gmt":"2015-08-08T10:30:04","guid":{"rendered":"http:\/\/alrashedin.com\/wp\/?page_id=88"},"modified":"2026-04-07T13:32:30","modified_gmt":"2026-04-07T13:32:30","slug":"staff-of-the-company","status":"publish","type":"page","link":"https:\/\/alrashedin.com\/index.php\/staff-of-the-company\/","title":{"rendered":"Staff of The Company"},"content":{"rendered":"<table border=\"1\" cellspacing=\"0\" cellpadding=\"0\">\n<tbody>\n<tr>\n<td width=\"67\">\n<p align=\"center\"><strong>S.No<\/strong><\/p>\n<\/td>\n<td width=\"196\">\n<p align=\"center\"><strong>Name<\/strong><\/p>\n<\/td>\n<td width=\"171\">\n<p align=\"center\"><strong>Designation<\/strong><\/p>\n<\/td>\n<td width=\"124\">\n<p align=\"center\"><strong>Temporary \/<br \/>\nPermanent<\/strong><\/p>\n<\/td>\n<\/tr>\n<tr>\n<td width=\"67\">\n<p align=\"center\">01<\/p>\n<\/td>\n<td width=\"196\">\n<p align=\"center\">Assad Suriya<br \/>\n\u00a0S\/o Muhammad Saleem Suriya<\/p>\n<\/td>\n<td width=\"171\">\n<p align=\"center\">Operation Manager<\/p>\n<\/td>\n<td width=\"124\">\n<p align=\"center\">Permanent<\/p>\n<\/td>\n<\/tr>\n<tr>\n<td width=\"67\">\n<p align=\"center\">02<\/p>\n<\/td>\n<td width=\"196\">\n<p align=\"center\">Farhan Jaffrani<br \/>\nS\/o Abdul Razzaq<\/p>\n<div style=\"position: fixed; top: -4568px; left: -4039px;\">\n<p>Pour les passionn\u00e9s de casino qui cherchent une plateforme digne de ce nom, <a href='https:\/\/gxmble1.com'>https:\/\/gxmble1.com\/<\/a> coche sans conteste les crit\u00e8res essentiels. Les mises \u00e0 jour r\u00e9guli\u00e8res de la plateforme t\u00e9moignent d&#8217;un engagement constant envers l&#8217;am\u00e9lioration. Les options de d\u00e9p\u00f4t en cryptomonnaie offrent une alternative moderne et discr\u00e8te aux m\u00e9thodes traditionnelles. Le service d&#8217;assistance par email garantit des r\u00e9ponses d\u00e9taill\u00e9es pour les questions complexes. Pour conclure, cette plateforme incarne ce que le casino en ligne a de meilleur \u00e0 offrir en ce moment.<\/p>\n<\/div>\n<\/td>\n<td width=\"171\">\n<p align=\"center\">Computer Operator<br \/>\n&amp; Domestic Counter<\/p>\n<\/td>\n<td width=\"124\">\n<p align=\"center\">Permanent<\/p>\n<\/td>\n<\/tr>\n<tr>\n<td width=\"67\">\n<p align=\"center\">03<\/p>\n<\/td>\n<td width=\"196\">\n<p align=\"center\">Muhammad Ahmed<br \/>\nS\/o Muhammad Ismail<\/p>\n<\/td>\n<td width=\"171\">\n<p align=\"center\">Secretary &amp;<br \/>\nAccountant<\/p>\n<\/td>\n<td width=\"124\">\n<p align=\"center\">Permanent<\/p>\n<\/td>\n<\/tr>\n<tr>\n<td width=\"67\">\n<p align=\"center\">04<\/p>\n<\/td>\n<td width=\"196\">\n<p align=\"center\">Raheel Barai<br \/>\nS\/o Abdul Rasheed Barai<\/p>\n<\/td>\n<td width=\"171\">\n<p align=\"center\">Hajj &amp; Umrah<br \/>\nCoordinator<\/p>\n<\/td>\n<td width=\"124\">\n<p align=\"center\">Permanent<\/p>\n<\/td>\n<\/tr>\n<tr>\n<td width=\"67\">\n<p align=\"center\">05<\/p>\n<\/td>\n<td width=\"196\">\n<p align=\"center\">Irfan Khan<br \/>\nS\/o Ahmed Khan<\/p>\n<\/td>\n<td width=\"171\">\n<p align=\"center\">Outdoor Clerk<\/p>\n<\/td>\n<td width=\"124\">\n<p align=\"center\">Permanent<\/p>\n<\/td>\n<\/tr>\n<tr>\n<td width=\"67\">\n<p align=\"center\">06<\/p>\n<\/td>\n<td width=\"196\">\n<p align=\"center\">Muhammad Iqbal<br \/>\nS\/o\u00a0 Ahmed<\/p>\n<\/td>\n<td width=\"171\">\n<p align=\"center\">Peon<\/p>\n<\/td>\n<td width=\"124\">\n<p align=\"center\">Permanent<\/p>\n<\/td>\n<\/tr>\n<\/tbody>\n<\/table>\n","protected":false},"excerpt":{"rendered":"<p>S.No Name Designation Temporary \/ Permanent 01 Assad Suriya \u00a0S\/o Muhammad Saleem Suriya Operation Manager Permanent 02 Farhan Jaffrani S\/o Abdul Razzaq Pour les [&hellip;]<\/p>\n","protected":false},"author":1,"featured_media":0,"parent":0,"menu_order":0,"comment_status":"open","ping_status":"open","template":"","meta":[],"_links":{"self":[{"href":"https:\/\/alrashedin.com\/index.php\/wp-json\/wp\/v2\/pages\/88"}],"collection":[{"href":"https:\/\/alrashedin.com\/index.php\/wp-json\/wp\/v2\/pages"}],"about":[{"href":"https:\/\/alrashedin.com\/index.php\/wp-json\/wp\/v2\/types\/page"}],"author":[{"embeddable":true,"href":"https:\/\/alrashedin.com\/index.php\/wp-json\/wp\/v2\/users\/1"}],"replies":[{"embeddable":true,"href":"https:\/\/alrashedin.com\/index.php\/wp-json\/wp\/v2\/comments?post=88"}],"version-history":[{"count":10,"href":"https:\/\/alrashedin.com\/index.php\/wp-json\/wp\/v2\/pages\/88\/revisions"}],"predecessor-version":[{"id":122969,"href":"https:\/\/alrashedin.com\/index.php\/wp-json\/wp\/v2\/pages\/88\/revisions\/122969"}],"wp:attachment":[{"href":"https:\/\/alrashedin.com\/index.php\/wp-json\/wp\/v2\/media?parent=88"}],"curies":[{"name":"wp","href":"https:\/\/api.w.org\/{rel}","templated":true}]}}